{"id":472,"date":"2023-09-18T09:36:14","date_gmt":"2023-09-18T09:36:14","guid":{"rendered":"https:\/\/alma-medical.eu\/?post_type=product&#038;p=472"},"modified":"2024-08-14T11:52:34","modified_gmt":"2024-08-14T11:52:34","slug":"kn95-masks-10pcs","status":"publish","type":"product","link":"https:\/\/alma-medical.eu\/sq\/produkt\/kn95-masks-10pcs\/","title":{"rendered":"Maska KN95 - 10 cop\u00eb"},"content":{"rendered":"<p>Maska gjysm\u00eb e sigurt p\u00ebr fytyr\u00ebn Maska \u00ebsht\u00eb p\u00ebr p\u00ebrdorim t\u00eb vet\u00ebm Efikasiteti i filtrimit bakterial \u2265 95% EN149:2001+A1:2009CE 2841<\/p>","protected":false},"excerpt":{"rendered":"<p>Maska gjysm\u00eb e sigurt p\u00ebr fytyr\u00ebn Maska \u00ebsht\u00eb p\u00ebr p\u00ebrdorim t\u00eb vet\u00ebm Efikasiteti i filtrimit bakterial \u2265 95% EN149:2001+A1:2009CE 2841<\/p>","protected":false},"featured_media":473,"template":"","meta":[],"product_brand":[],"product_cat":[55],"product_tag":[41],"class_list":{"0":"post-472","1":"product","2":"type-product","3":"status-publish","4":"has-post-thumbnail","6":"product_cat-protective-masks","7":"product_tag-disposable-clothing","9":"first","10":"instock","11":"shipping-taxable","12":"product-type-simple"},"_links":{"self":[{"href":"https:\/\/alma-medical.eu\/sq\/wp-json\/wp\/v2\/product\/472","targetHints":{"allow":["GET"]}}],"collection":[{"href":"https:\/\/alma-medical.eu\/sq\/wp-json\/wp\/v2\/product"}],"about":[{"href":"https:\/\/alma-medical.eu\/sq\/wp-json\/wp\/v2\/types\/product"}],"wp:featuredmedia":[{"embeddable":true,"href":"https:\/\/alma-medical.eu\/sq\/wp-json\/wp\/v2\/media\/473"}],"wp:attachment":[{"href":"https:\/\/alma-medical.eu\/sq\/wp-json\/wp\/v2\/media?parent=472"}],"wp:term":[{"taxonomy":"product_brand","embeddable":true,"href":"https:\/\/alma-medical.eu\/sq\/wp-json\/wp\/v2\/product_brand?post=472"},{"taxonomy":"product_cat","embeddable":true,"href":"https:\/\/alma-medical.eu\/sq\/wp-json\/wp\/v2\/product_cat?post=472"},{"taxonomy":"product_tag","embeddable":true,"href":"https:\/\/alma-medical.eu\/sq\/wp-json\/wp\/v2\/product_tag?post=472"}],"curies":[{"name":"wp","href":"https:\/\/api.w.org\/{rel}","templated":true}]}}