{"id":434,"date":"2023-07-31T06:53:32","date_gmt":"2023-07-31T06:53:32","guid":{"rendered":"https:\/\/alma-medical.eu\/?post_type=product&#038;p=434"},"modified":"2024-08-14T11:54:31","modified_gmt":"2024-08-14T11:54:31","slug":"pneumatic-containers","status":"publish","type":"product","link":"https:\/\/alma-medical.eu\/sq\/produkt\/pneumatic-containers\/","title":{"rendered":"En\u00eb me urin\u00eb"},"content":{"rendered":"<ul>\n<li>60ml<\/li>\n<li>100ml<\/li>\n<\/ul>","protected":false},"excerpt":{"rendered":"<ul>\n<li>Hap\u00ebsir\u00eb e ve\u00e7ant\u00eb shkrimi<\/li>\n<li>Dizajn i ve\u00e7ant\u00eb<\/li>\n<li>Hermetike<\/li>\n<li>Jo Steril \/ Steril<\/li>\n<\/ul>\n<p>&nbsp;<\/p>","protected":false},"featured_media":435,"template":"","meta":[],"product_brand":[],"product_cat":[59],"product_tag":[39],"class_list":{"0":"post-434","1":"product","2":"type-product","3":"status-publish","4":"has-post-thumbnail","6":"product_cat-sampling-material","7":"product_tag-equipment-used-for-sampling","9":"first","10":"instock","11":"shipping-taxable","12":"product-type-simple"},"_links":{"self":[{"href":"https:\/\/alma-medical.eu\/sq\/wp-json\/wp\/v2\/product\/434","targetHints":{"allow":["GET"]}}],"collection":[{"href":"https:\/\/alma-medical.eu\/sq\/wp-json\/wp\/v2\/product"}],"about":[{"href":"https:\/\/alma-medical.eu\/sq\/wp-json\/wp\/v2\/types\/product"}],"wp:featuredmedia":[{"embeddable":true,"href":"https:\/\/alma-medical.eu\/sq\/wp-json\/wp\/v2\/media\/435"}],"wp:attachment":[{"href":"https:\/\/alma-medical.eu\/sq\/wp-json\/wp\/v2\/media?parent=434"}],"wp:term":[{"taxonomy":"product_brand","embeddable":true,"href":"https:\/\/alma-medical.eu\/sq\/wp-json\/wp\/v2\/product_brand?post=434"},{"taxonomy":"product_cat","embeddable":true,"href":"https:\/\/alma-medical.eu\/sq\/wp-json\/wp\/v2\/product_cat?post=434"},{"taxonomy":"product_tag","embeddable":true,"href":"https:\/\/alma-medical.eu\/sq\/wp-json\/wp\/v2\/product_tag?post=434"}],"curies":[{"name":"wp","href":"https:\/\/api.w.org\/{rel}","templated":true}]}}