{"id":133,"date":"2022-09-23T08:42:54","date_gmt":"2022-09-23T08:42:54","guid":{"rendered":"https:\/\/alma-medical.eu\/?post_type=product&#038;p=133"},"modified":"2024-08-14T12:15:19","modified_gmt":"2024-08-14T12:15:19","slug":"tenty-303-nitrile-powder-free-examination-gloves-examination-gloves","status":"publish","type":"product","link":"https:\/\/alma-medical.eu\/sq\/produkt\/tenty-303-nitrile-powder-free-examination-gloves-examination-gloves\/","title":{"rendered":"Tenty - 303 Doreza nitrili pa talk - 100 cop\u00eb"},"content":{"rendered":"<p class=\"translation-block\">Developed for purposes to provide long lasting and extra protection against potential infection risk carrier matters<br>\r\nThanks to its appropriate size ragged finger tips provide easy grip of all kinds of medical material and prevent slipping<br>\r\nSuitable to use for all works which requires high protection and sensitivity<br>\r\ndeal for individuals who have allergy with its natural latex-free formula<br>\r\nIts soft and elastic structure provides superior grip<br>\r\nProduced from nitrile and it is non powdered<br>\r\nSuitable for food contact<br>\r\nSuitable for both hands<br>\r\nNon sterile<br>\r\nBlue colored<\/p>\n<p>Dorezat jan\u00eb prodhuar sipas Rregullores s\u00eb Pajisjeve Mjek\u00ebsore 2017\/745 dhe jan\u00eb testuar sipas k\u00ebrkesave t\u00eb standardeve EN 455-1,\u00a0 EN 455-2, EN 455-3 dhe EN 455-4.<\/p>","protected":false},"excerpt":{"rendered":"<p>Developed for purposes to provide long lasting and extra protection against potential infection risk carrier matters Thanks to its appropriate size ragged finger tips provide easy grip of all kinds of medical material and prevent slipping Suitable to use for all works which requires high protection and sensitivity deal for individuals who have allergy with [&#8230;]\n","protected":false},"featured_media":134,"template":"","meta":[],"product_brand":[],"product_cat":[60],"product_tag":[40],"class_list":{"0":"post-133","1":"product","2":"type-product","3":"status-publish","4":"has-post-thumbnail","6":"product_cat-non-sterile-gloves-2","7":"product_tag-disposable-gloves","9":"first","10":"instock","11":"shipping-taxable","12":"product-type-simple"},"_links":{"self":[{"href":"https:\/\/alma-medical.eu\/sq\/wp-json\/wp\/v2\/product\/133","targetHints":{"allow":["GET"]}}],"collection":[{"href":"https:\/\/alma-medical.eu\/sq\/wp-json\/wp\/v2\/product"}],"about":[{"href":"https:\/\/alma-medical.eu\/sq\/wp-json\/wp\/v2\/types\/product"}],"wp:featuredmedia":[{"embeddable":true,"href":"https:\/\/alma-medical.eu\/sq\/wp-json\/wp\/v2\/media\/134"}],"wp:attachment":[{"href":"https:\/\/alma-medical.eu\/sq\/wp-json\/wp\/v2\/media?parent=133"}],"wp:term":[{"taxonomy":"product_brand","embeddable":true,"href":"https:\/\/alma-medical.eu\/sq\/wp-json\/wp\/v2\/product_brand?post=133"},{"taxonomy":"product_cat","embeddable":true,"href":"https:\/\/alma-medical.eu\/sq\/wp-json\/wp\/v2\/product_cat?post=133"},{"taxonomy":"product_tag","embeddable":true,"href":"https:\/\/alma-medical.eu\/sq\/wp-json\/wp\/v2\/product_tag?post=133"}],"curies":[{"name":"wp","href":"https:\/\/api.w.org\/{rel}","templated":true}]}}