{"id":129,"date":"2022-09-23T08:32:53","date_gmt":"2022-09-23T08:32:53","guid":{"rendered":"https:\/\/alma-medical.eu\/?post_type=product&#038;p=129"},"modified":"2024-08-14T12:15:29","modified_gmt":"2024-08-14T12:15:29","slug":"non-sterile-nitrile-examination-gloves-powder-free","status":"publish","type":"product","link":"https:\/\/alma-medical.eu\/sq\/produkt\/non-sterile-nitrile-examination-gloves-powder-free\/","title":{"rendered":"Broche Nitrile Examination Gloves &#8211; 100pcs"},"content":{"rendered":"<p class=\"translation-block\">JO TALC<br>\nPA LATEX, JO ALERGJIK<br>\nTESTUAR P\u00cbR P\u00cbRDORIM ME BARNAT KIMIoterapie<br>\nTEKSTURA E GHISHTIT<br>\nP\u00cbR NJ\u00cb P\u00cbRDORIM<br>\n100 KOPE N\u00cb NJ\u00cb KUTI<br>\nAQL 1.5<\/p>","protected":false},"excerpt":{"rendered":"<p class=\"translation-block\">JO TALC<br>\nPA LATEX, JO ALERGJIK<br>\nTESTUAR P\u00cbR P\u00cbRDORIM ME BARNAT KIMIoterapie<br>\nTEKSTURA E GHISHTIT<br>\nP\u00cbR NJ\u00cb P\u00cbRDORIM<br>\n100 KOPE N\u00cb NJ\u00cb KUTI<br>\nAQL 1.5<\/p>","protected":false},"featured_media":130,"template":"","meta":[],"product_brand":[],"product_cat":[60],"product_tag":[40],"class_list":{"0":"post-129","1":"product","2":"type-product","3":"status-publish","4":"has-post-thumbnail","6":"product_cat-non-sterile-gloves-2","7":"product_tag-disposable-gloves","9":"first","10":"instock","11":"shipping-taxable","12":"product-type-simple"},"_links":{"self":[{"href":"https:\/\/alma-medical.eu\/sq\/wp-json\/wp\/v2\/product\/129","targetHints":{"allow":["GET"]}}],"collection":[{"href":"https:\/\/alma-medical.eu\/sq\/wp-json\/wp\/v2\/product"}],"about":[{"href":"https:\/\/alma-medical.eu\/sq\/wp-json\/wp\/v2\/types\/product"}],"wp:featuredmedia":[{"embeddable":true,"href":"https:\/\/alma-medical.eu\/sq\/wp-json\/wp\/v2\/media\/130"}],"wp:attachment":[{"href":"https:\/\/alma-medical.eu\/sq\/wp-json\/wp\/v2\/media?parent=129"}],"wp:term":[{"taxonomy":"product_brand","embeddable":true,"href":"https:\/\/alma-medical.eu\/sq\/wp-json\/wp\/v2\/product_brand?post=129"},{"taxonomy":"product_cat","embeddable":true,"href":"https:\/\/alma-medical.eu\/sq\/wp-json\/wp\/v2\/product_cat?post=129"},{"taxonomy":"product_tag","embeddable":true,"href":"https:\/\/alma-medical.eu\/sq\/wp-json\/wp\/v2\/product_tag?post=129"}],"curies":[{"name":"wp","href":"https:\/\/api.w.org\/{rel}","templated":true}]}}