{"id":127,"date":"2022-09-23T08:32:17","date_gmt":"2022-09-23T08:32:17","guid":{"rendered":"https:\/\/alma-medical.eu\/?post_type=product&#038;p=127"},"modified":"2024-08-14T12:15:41","modified_gmt":"2024-08-14T12:15:41","slug":"non-sterile-latex-examination-gloves-powder-free","status":"publish","type":"product","link":"https:\/\/alma-medical.eu\/sq\/produkt\/non-sterile-latex-examination-gloves-powder-free\/","title":{"rendered":"Broche Doreza lateksi pa talk - 100 cop\u00eb"},"content":{"rendered":"<p class=\"translation-block\">JO TALC<br>\nTEXTED<br>\nP\u00cbR NJ\u00cb P\u00cbRDORIM<br>\n100 KOPE N\u00cb NJ\u00cb KUTI<\/p>","protected":false},"excerpt":{"rendered":"<p class=\"translation-block\">JO TALC<br>\nTEXTED<br>\nP\u00cbR NJ\u00cb P\u00cbRDORIM<br>\n100 KOPE N\u00cb NJ\u00cb KUTI<\/p>","protected":false},"featured_media":128,"template":"","meta":[],"product_brand":[],"product_cat":[60],"product_tag":[40],"class_list":{"0":"post-127","1":"product","2":"type-product","3":"status-publish","4":"has-post-thumbnail","6":"product_cat-non-sterile-gloves-2","7":"product_tag-disposable-gloves","9":"first","10":"instock","11":"shipping-taxable","12":"product-type-simple"},"_links":{"self":[{"href":"https:\/\/alma-medical.eu\/sq\/wp-json\/wp\/v2\/product\/127","targetHints":{"allow":["GET"]}}],"collection":[{"href":"https:\/\/alma-medical.eu\/sq\/wp-json\/wp\/v2\/product"}],"about":[{"href":"https:\/\/alma-medical.eu\/sq\/wp-json\/wp\/v2\/types\/product"}],"wp:featuredmedia":[{"embeddable":true,"href":"https:\/\/alma-medical.eu\/sq\/wp-json\/wp\/v2\/media\/128"}],"wp:attachment":[{"href":"https:\/\/alma-medical.eu\/sq\/wp-json\/wp\/v2\/media?parent=127"}],"wp:term":[{"taxonomy":"product_brand","embeddable":true,"href":"https:\/\/alma-medical.eu\/sq\/wp-json\/wp\/v2\/product_brand?post=127"},{"taxonomy":"product_cat","embeddable":true,"href":"https:\/\/alma-medical.eu\/sq\/wp-json\/wp\/v2\/product_cat?post=127"},{"taxonomy":"product_tag","embeddable":true,"href":"https:\/\/alma-medical.eu\/sq\/wp-json\/wp\/v2\/product_tag?post=127"}],"curies":[{"name":"wp","href":"https:\/\/api.w.org\/{rel}","templated":true}]}}