{"id":9,"date":"2022-09-09T06:31:09","date_gmt":"2022-09-09T06:31:09","guid":{"rendered":"http:\/\/alma-medical.eu\/?page_id=9"},"modified":"2026-04-09T10:18:47","modified_gmt":"2026-04-09T10:18:47","slug":"home","status":"publish","type":"page","link":"https:\/\/alma-medical.eu\/sq\/","title":{"rendered":"Sht\u00ebpi"},"content":{"rendered":"<div class=\"banner has-hover\" id=\"banner-33291718\">\n          <div class=\"banner-inner fill\">\n        <div class=\"banner-bg fill\" >\n            <div class=\"bg fill bg-fill\"><\/div>\n                                    \n                    <\/div>\n        <div class=\"banner-layers container\">\n            <div class=\"fill banner-link\"><\/div>            \n\n\n        <\/div>\n      <\/div>\n\n            \n<style>\n#banner-33291718 {\n  padding-top: 400px;\n}\n#banner-33291718 .bg.bg-loaded {\n  background-image: url(https:\/\/alma-medical.eu\/wp-content\/uploads\/2026\/04\/slider-1.png);\n}\n#banner-33291718 .bg {\n  background-position: 76% 0%;\n}\n@media (min-width:550px) {\n  #banner-33291718 {\n    padding-top: 500px;\n  }\n}\n<\/style>\n  <\/div>\n\n\n\t<div id=\"gap-490582733\" class=\"gap-element clearfix\" style=\"display:block; height:auto;\">\n\t\t\n<style>\n#gap-490582733 {\n  padding-top: 50px;\n}\n<\/style>\n\t<\/div>\n\t\n\n<div class=\"row\"  id=\"row-1406270991\">\n\n\n\t<div id=\"col-259194984\" class=\"col small-12 large-12\"  data-animate=\"fadeInUp\">\n\t\t\t\t<div class=\"col-inner\"  >\n\t\t\t\n\t\t\t\n\n<h1>Rreth Nesh<\/h1>\n<hr>\n\n\t\t<\/div>\n\t\t\t\t\t<\/div>\n\n\t\n\n\t<div id=\"col-606608460\" class=\"col medium-6 small-12 large-6\"  data-animate=\"fadeInLeft\">\n\t\t\t\t<div class=\"col-inner\"  >\n\t\t\t\n\t\t\t\n\n<p>Alma Medical \u00ebsht\u00eb nj\u00eb kompani e angazhuar n\u00eb shitjen e materialeve mjek\u00ebsore konsumuese dhe ka qen\u00eb e pranishme n\u00eb tregun maqedonas p\u00ebr shum\u00eb vite. Me p\u00ebrvoj\u00ebn e saj t\u00eb gjat\u00eb dhe qasjen profesionale, kompania ka nd\u00ebrtuar besim dhe ka krijuar partneritete t\u00eb q\u00ebndrueshme me shum\u00eb institucione sh\u00ebndet\u00ebsore, klinika, farmaci dhe organizata t\u00eb tjera n\u00eb sektorin e sh\u00ebndet\u00ebsis\u00eb.<\/p>\n<p>Portofoli yn\u00eb p\u00ebrfshin nj\u00eb gam\u00eb t\u00eb gjer\u00eb t\u00eb materialeve mjek\u00ebsore konsumuese q\u00eb p\u00ebrmbushin standarde t\u00eb larta t\u00eb cil\u00ebsis\u00eb dhe siguris\u00eb. Q\u00ebllimi yn\u00eb \u00ebsht\u00eb t\u00eb ofrojm\u00eb produkte t\u00eb besueshme dhe t\u00eb aksesueshme q\u00eb kontribuojn\u00eb n\u00eb funksionimin efikas dhe t\u00eb sigurt t\u00eb institucioneve sh\u00ebndet\u00ebsore.<\/p>\n<p>P\u00ebrve\u00e7 sektorit t\u00eb sh\u00ebndet\u00ebsis\u00eb, Alma Medical ofron gjithashtu veshje pune dhe pajisje p\u00ebr mbrojtje n\u00eb pun\u00eb p\u00ebr kompani t\u00eb m\u00ebdha prodhuese dhe objekte industriale. P\u00ebrmes produkteve dhe furnitor\u00ebve t\u00eb p\u00ebrzgjedhur me kujdes, sigurojm\u00eb mbrojtje t\u00eb besueshme dhe cil\u00ebsi q\u00eb p\u00ebrmbush k\u00ebrkesat e mjediseve moderne t\u00eb pun\u00ebs.<\/p>\n<p>Fokusi yn\u00eb \u00ebsht\u00eb n\u00eb cil\u00ebsi, besim dhe bashk\u00ebpunim afatgjat\u00eb me klient\u00ebt tan\u00eb, si dhe n\u00eb p\u00ebrmir\u00ebsimin e vazhduesh\u00ebm t\u00eb gam\u00ebs s\u00eb produkteve dhe sh\u00ebrbimeve tona p\u00ebr t\u00eb p\u00ebrmbushur nevojat n\u00eb zhvillim t\u00eb tregut.<\/p>\n\n\t\t<\/div>\n\t\t\t\t\t<\/div>\n\n\t\n\n\t<div id=\"col-631219730\" class=\"col medium-6 small-12 large-6\"  >\n\t\t\t\t<div class=\"col-inner\"  >\n\t\t\t\n\t\t\t\n\n\t<div class=\"img has-hover x md-x lg-x y md-y lg-y\" id=\"image_1143991754\">\n\t\t\t\t\t\t<div data-animate=\"fadeInRight\">\t\t<div class=\"img-inner dark\" >\n\t\t\t<img loading=\"lazy\" decoding=\"async\" width=\"1020\" height=\"1020\" src=\"https:\/\/alma-medical.eu\/wp-content\/uploads\/2026\/04\/about-us-new-1024x1024.jpg\" class=\"attachment-large size-large\" alt=\"\" srcset=\"https:\/\/alma-medical.eu\/wp-content\/uploads\/2026\/04\/about-us-new-1024x1024.jpg 1024w, https:\/\/alma-medical.eu\/wp-content\/uploads\/2026\/04\/about-us-new-300x300.jpg 300w, https:\/\/alma-medical.eu\/wp-content\/uploads\/2026\/04\/about-us-new-150x150.jpg 150w, https:\/\/alma-medical.eu\/wp-content\/uploads\/2026\/04\/about-us-new-768x768.jpg 768w, https:\/\/alma-medical.eu\/wp-content\/uploads\/2026\/04\/about-us-new-12x12.jpg 12w, https:\/\/alma-medical.eu\/wp-content\/uploads\/2026\/04\/about-us-new-600x600.jpg 600w, https:\/\/alma-medical.eu\/wp-content\/uploads\/2026\/04\/about-us-new-100x100.jpg 100w, https:\/\/alma-medical.eu\/wp-content\/uploads\/2026\/04\/about-us-new.jpg 1200w\" sizes=\"auto, (max-width: 1020px) 100vw, 1020px\" \/>\t\t\t\t\t\t\n\t\t\t\t\t<\/div>\n\t\t<\/div>\t\t\t\t\t\t\n<style>\n#image_1143991754 {\n  width: 100%;\n}\n<\/style>\n\t<\/div>\n\t\n\n\n\t\t<\/div>\n\t\t\t\t\t<\/div>\n\n\t\n\n<\/div>\n<div class=\"row\"  id=\"row-1213749017\">\n\n\n\t<div id=\"col-16435889\" class=\"col small-12 large-12\"  data-animate=\"fadeInUp\">\n\t\t\t\t<div class=\"col-inner\"  >\n\t\t\t\n\t\t\t\n\n<h1>PRODUKTET<\/h1>\n<hr>\n\n\t\t<\/div>\n\t\t\t\t\t<\/div>\n\n\t\n\n\t<div id=\"col-693505378\" class=\"col medium-4 small-12 large-4\"  >\n\t\t\t\t<div class=\"col-inner text-center\"  >\n\t\t\t\n\t\t\t\n\n\t<div class=\"img has-hover x md-x lg-x y md-y lg-y\" id=\"image_59407165\">\n\t\t\t\t\t\t<div data-animate=\"fadeInLeft\">\t\t<div class=\"img-inner dark\" >\n\t\t\t<img loading=\"lazy\" decoding=\"async\" width=\"1536\" height=\"1024\" src=\"https:\/\/alma-medical.eu\/wp-content\/uploads\/2026\/04\/flasteri.png\" class=\"attachment-original size-original\" alt=\"\" srcset=\"https:\/\/alma-medical.eu\/wp-content\/uploads\/2026\/04\/flasteri.png 1536w, https:\/\/alma-medical.eu\/wp-content\/uploads\/2026\/04\/flasteri-300x200.png 300w, https:\/\/alma-medical.eu\/wp-content\/uploads\/2026\/04\/flasteri-1024x683.png 1024w, https:\/\/alma-medical.eu\/wp-content\/uploads\/2026\/04\/flasteri-768x512.png 768w, https:\/\/alma-medical.eu\/wp-content\/uploads\/2026\/04\/flasteri-18x12.png 18w, https:\/\/alma-medical.eu\/wp-content\/uploads\/2026\/04\/flasteri-600x400.png 600w\" sizes=\"auto, (max-width: 1536px) 100vw, 1536px\" \/>\t\t\t\t\t\t\n\t\t\t\t\t<\/div>\n\t\t<\/div>\t\t\t\t\t\t\n<style>\n#image_59407165 {\n  width: 100%;\n}\n<\/style>\n\t<\/div>\n\t\n\n<a href=\"\/sq\/kategori-produkti\/dressing-material\/hanzaplast\/\" target=\"_self\" class=\"button primary is-outline\"  style=\"border-radius:10px;\">\n    <span>Shiko Produktet<\/span>\n  <\/a>\n\n\n\n\t\t<\/div>\n\t\t\t\t\t<\/div>\n\n\t\n\n\t<div id=\"col-2061406138\" class=\"col medium-4 small-12 large-4\"  >\n\t\t\t\t<div class=\"col-inner text-center\"  >\n\t\t\t\n\t\t\t\n\n\t<div class=\"img has-hover x md-x lg-x y md-y lg-y\" id=\"image_1862072268\">\n\t\t\t\t\t\t<div data-animate=\"fadeInUp\">\t\t<div class=\"img-inner dark\" >\n\t\t\t<img loading=\"lazy\" decoding=\"async\" width=\"1536\" height=\"1024\" src=\"https:\/\/alma-medical.eu\/wp-content\/uploads\/2026\/04\/rakavici.png\" class=\"attachment-original size-original\" alt=\"\" srcset=\"https:\/\/alma-medical.eu\/wp-content\/uploads\/2026\/04\/rakavici.png 1536w, https:\/\/alma-medical.eu\/wp-content\/uploads\/2026\/04\/rakavici-300x200.png 300w, https:\/\/alma-medical.eu\/wp-content\/uploads\/2026\/04\/rakavici-1024x683.png 1024w, https:\/\/alma-medical.eu\/wp-content\/uploads\/2026\/04\/rakavici-768x512.png 768w, https:\/\/alma-medical.eu\/wp-content\/uploads\/2026\/04\/rakavici-18x12.png 18w, https:\/\/alma-medical.eu\/wp-content\/uploads\/2026\/04\/rakavici-600x400.png 600w\" sizes=\"auto, (max-width: 1536px) 100vw, 1536px\" \/>\t\t\t\t\t\t\n\t\t\t\t\t<\/div>\n\t\t<\/div>\t\t\t\t\t\t\n<style>\n#image_1862072268 {\n  width: 100%;\n}\n<\/style>\n\t<\/div>\n\t\n\n<a href=\"\/sq\/kategori-produkti\/non-sterile-gloves-2\/\" target=\"_self\" class=\"button primary is-outline\"  style=\"border-radius:10px;\">\n    <span>Shiko Produktet<\/span>\n  <\/a>\n\n\n\n\t\t<\/div>\n\t\t\t\t\t<\/div>\n\n\t\n\n\t<div id=\"col-1897669818\" class=\"col medium-4 small-12 large-4\"  >\n\t\t\t\t<div class=\"col-inner text-center\"  >\n\t\t\t\n\t\t\t\n\n\t<div class=\"img has-hover x md-x lg-x y md-y lg-y\" id=\"image_29751839\">\n\t\t\t\t\t\t<div data-animate=\"fadeInRight\">\t\t<div class=\"img-inner dark\" >\n\t\t\t<img loading=\"lazy\" decoding=\"async\" width=\"1536\" height=\"1024\" src=\"https:\/\/alma-medical.eu\/wp-content\/uploads\/2026\/04\/pamuk.png\" class=\"attachment-original size-original\" alt=\"\" srcset=\"https:\/\/alma-medical.eu\/wp-content\/uploads\/2026\/04\/pamuk.png 1536w, https:\/\/alma-medical.eu\/wp-content\/uploads\/2026\/04\/pamuk-300x200.png 300w, https:\/\/alma-medical.eu\/wp-content\/uploads\/2026\/04\/pamuk-1024x683.png 1024w, https:\/\/alma-medical.eu\/wp-content\/uploads\/2026\/04\/pamuk-768x512.png 768w, https:\/\/alma-medical.eu\/wp-content\/uploads\/2026\/04\/pamuk-18x12.png 18w, https:\/\/alma-medical.eu\/wp-content\/uploads\/2026\/04\/pamuk-600x400.png 600w\" sizes=\"auto, (max-width: 1536px) 100vw, 1536px\" \/>\t\t\t\t\t\t\n\t\t\t\t\t<\/div>\n\t\t<\/div>\t\t\t\t\t\t\n<style>\n#image_29751839 {\n  width: 100%;\n}\n<\/style>\n\t<\/div>\n\t\n\n<a href=\"\/sq\/kategori-produkti\/binding-material\/cotton\/\" target=\"_self\" class=\"button primary is-outline\"  style=\"border-radius:10px;\">\n    <span>Shiko Produktet<\/span>\n  <\/a>\n\n\n\n\t\t<\/div>\n\t\t\t\t\t<\/div>\n\n\t\n\n\t<div id=\"col-656023309\" class=\"col small-12 large-12\"  >\n\t\t\t\t<div class=\"col-inner text-center\"  >\n\t\t\t\n\t\t\t\n\n\t<div id=\"text-510879781\" class=\"text\">\n\t\t\n\n<p>Shfletoni p\u00ebrzgjedhjen ton\u00eb t\u00eb plot\u00eb t\u00eb furnizimeve mjek\u00ebsore me cil\u00ebsi t\u00eb lart\u00eb. Nga produktet baz\u00eb deri te ato t\u00eb specializuara \u2013 gjeni gjith\u00e7ka q\u00eb ju nevojitet n\u00eb nj\u00eb vend.<\/p>\n\t\t\n<style>\n#text-510879781 {\n  text-align: center;\n}\n<\/style>\n\t<\/div>\n\t\n<a href=\"\/sq\/categories\/\" target=\"_self\" class=\"button primary is-outline\"  style=\"border-radius:10px;\">\n    <span>Shiko t\u00eb Gjitha Produktet<\/span>\n  <\/a>\n\n\n\n\t\t<\/div>\n\t\t\t\t\t<\/div>\n\n\t\n\n<\/div>","protected":false},"excerpt":{"rendered":"","protected":false},"author":1,"featured_media":0,"parent":0,"menu_order":0,"comment_status":"closed","ping_status":"closed","template":"page-blank.php","meta":{"footnotes":""},"class_list":["post-9","page","type-page","status-publish","hentry"],"_links":{"self":[{"href":"https:\/\/alma-medical.eu\/sq\/wp-json\/wp\/v2\/pages\/9","targetHints":{"allow":["GET"]}}],"collection":[{"href":"https:\/\/alma-medical.eu\/sq\/wp-json\/wp\/v2\/pages"}],"about":[{"href":"https:\/\/alma-medical.eu\/sq\/wp-json\/wp\/v2\/types\/page"}],"author":[{"embeddable":true,"href":"https:\/\/alma-medical.eu\/sq\/wp-json\/wp\/v2\/users\/1"}],"replies":[{"embeddable":true,"href":"https:\/\/alma-medical.eu\/sq\/wp-json\/wp\/v2\/comments?post=9"}],"version-history":[{"count":37,"href":"https:\/\/alma-medical.eu\/sq\/wp-json\/wp\/v2\/pages\/9\/revisions"}],"predecessor-version":[{"id":925,"href":"https:\/\/alma-medical.eu\/sq\/wp-json\/wp\/v2\/pages\/9\/revisions\/925"}],"wp:attachment":[{"href":"https:\/\/alma-medical.eu\/sq\/wp-json\/wp\/v2\/media?parent=9"}],"curies":[{"name":"wp","href":"https:\/\/api.w.org\/{rel}","templated":true}]}}