{"id":519,"date":"2024-06-10T08:23:45","date_gmt":"2024-06-10T08:23:45","guid":{"rendered":"https:\/\/alma-medical.eu\/?page_id=519"},"modified":"2026-04-07T08:48:59","modified_gmt":"2026-04-07T08:48:59","slug":"categories","status":"publish","type":"page","link":"https:\/\/alma-medical.eu\/sq\/categories\/","title":{"rendered":"Kategorit\u00eb"},"content":{"rendered":"<section class=\"section\" id=\"section_1250641825\">\n\t\t<div class=\"bg section-bg fill bg-fill\" >\n\n\t\t\t\n\t\t\t\n\t\t\t\n\n\t\t<\/div>\n\n\t\t<div class=\"section-content relative\">\n\t\t\t\n\n\n\n<style>\n.img-inner.box-shadow-3.box-shadow-5-hover.dark {\n    border-radius: 50%;\n}\n<\/style>\n\n\t<div id=\"gap-160101896\" class=\"gap-element clearfix\" style=\"display:block; height:auto;\">\n\t\t\n<style>\n#gap-160101896 {\n  padding-top: 30px;\n}\n<\/style>\n\t<\/div>\n\t\n\n<div class=\"container section-title-container\" ><h1 class=\"section-title section-title-center\"><b><\/b><span class=\"section-title-main\" style=\"color:rgb(44, 109, 240);\">Kategorit\u00eb<\/span><b><\/b><\/h1><\/div>\n\n<div class=\"row row-large row-full-width align-equal align-center\"  id=\"row-1260981573\">\n\n\n\t<div id=\"col-449389641\" class=\"col medium-1 small-4 large-1\"  data-animate=\"bounceInDown\">\n\t\t\t\t<div class=\"col-inner\"  >\n\t\t\t\n\t\t\t\n\n\t<div class=\"img has-hover x md-x lg-x y md-y lg-y\" id=\"image_352451197\">\n\t\t<a class=\"\" href=\"https:\/\/alma-medical.eu\/sq\/etiket\u00eb-produkti\/dressing-material\/\"  >\t\t\t\t\t\t<div class=\"img-inner box-shadow-3 box-shadow-5-hover dark\" >\n\t\t\t<img loading=\"lazy\" decoding=\"async\" width=\"484\" height=\"484\" src=\"https:\/\/alma-medical.eu\/wp-content\/uploads\/2023\/07\/Kategorii-za-web-ikoni-04.07.2023_1.png\" class=\"attachment-original size-original\" alt=\"\" srcset=\"https:\/\/alma-medical.eu\/wp-content\/uploads\/2023\/07\/Kategorii-za-web-ikoni-04.07.2023_1.png 484w, https:\/\/alma-medical.eu\/wp-content\/uploads\/2023\/07\/Kategorii-za-web-ikoni-04.07.2023_1-300x300.png 300w, https:\/\/alma-medical.eu\/wp-content\/uploads\/2023\/07\/Kategorii-za-web-ikoni-04.07.2023_1-150x150.png 150w, https:\/\/alma-medical.eu\/wp-content\/uploads\/2023\/07\/Kategorii-za-web-ikoni-04.07.2023_1-12x12.png 12w, https:\/\/alma-medical.eu\/wp-content\/uploads\/2023\/07\/Kategorii-za-web-ikoni-04.07.2023_1-100x100.png 100w\" sizes=\"auto, (max-width: 484px) 100vw, 484px\" \/>\t\t\t\t\t\t\n\t\t\t\t\t<\/div>\n\t\t\t\t\t\t<\/a>\t\t\n<style>\n#image_352451197 {\n  width: 100%;\n}\n<\/style>\n\t<\/div>\n\t\n\n\t<div id=\"text-1025023176\" class=\"text\">\n\t\t\n\n<p style=\"text-align: center;\"><a href=\"https:\/\/alma-medical.eu\/sq\/etiket\u00eb-produkti\/dressing-material\/\">Materiali i veshjes<\/a><\/p>\n\t\t\n<style>\n#text-1025023176 {\n  text-align: center;\n}\n<\/style>\n\t<\/div>\n\t\n\n\t\t<\/div>\n\t\t\t\t\t<\/div>\n\n\t\n\n\t<div id=\"col-1021423541\" class=\"col medium-1 small-4 large-1\"  data-animate=\"bounceInDown\">\n\t\t\t\t<div class=\"col-inner\"  >\n\t\t\t\n\t\t\t\n\n\t<div class=\"img has-hover x md-x lg-x y md-y lg-y\" id=\"image_1744264374\">\n\t\t<a class=\"\" href=\"https:\/\/alma-medical.eu\/sq\/etiket\u00eb-produkti\/equipment-used-for-sampling\/\"  >\t\t\t\t\t\t<div class=\"img-inner box-shadow-3 box-shadow-5-hover dark\" >\n\t\t\t<img loading=\"lazy\" decoding=\"async\" width=\"484\" height=\"484\" src=\"https:\/\/alma-medical.eu\/wp-content\/uploads\/2023\/07\/Kategorii-za-web-ikoni-04.07.2023_2.png\" class=\"attachment-original size-original\" alt=\"\" srcset=\"https:\/\/alma-medical.eu\/wp-content\/uploads\/2023\/07\/Kategorii-za-web-ikoni-04.07.2023_2.png 484w, https:\/\/alma-medical.eu\/wp-content\/uploads\/2023\/07\/Kategorii-za-web-ikoni-04.07.2023_2-300x300.png 300w, https:\/\/alma-medical.eu\/wp-content\/uploads\/2023\/07\/Kategorii-za-web-ikoni-04.07.2023_2-150x150.png 150w, https:\/\/alma-medical.eu\/wp-content\/uploads\/2023\/07\/Kategorii-za-web-ikoni-04.07.2023_2-12x12.png 12w, https:\/\/alma-medical.eu\/wp-content\/uploads\/2023\/07\/Kategorii-za-web-ikoni-04.07.2023_2-100x100.png 100w\" sizes=\"auto, (max-width: 484px) 100vw, 484px\" \/>\t\t\t\t\t\t\n\t\t\t\t\t<\/div>\n\t\t\t\t\t\t<\/a>\t\t\n<style>\n#image_1744264374 {\n  width: 100%;\n}\n<\/style>\n\t<\/div>\n\t\n\n\t<div id=\"text-2183100142\" class=\"text\">\n\t\t\n\n<p style=\"text-align: center;\"><a href=\"https:\/\/alma-medical.eu\/sq\/etiket\u00eb-produkti\/equipment-used-for-sampling\/\">Pajisjet e p\u00ebrdorura p\u00ebr marrjen e mostrave<\/a><\/p>\n\t\t\n<style>\n#text-2183100142 {\n  text-align: center;\n}\n<\/style>\n\t<\/div>\n\t\n\n\t\t<\/div>\n\t\t\t\t\t<\/div>\n\n\t\n\n\t<div id=\"col-42939737\" class=\"col medium-1 small-4 large-1\"  data-animate=\"bounceInDown\">\n\t\t\t\t<div class=\"col-inner\"  >\n\t\t\t\n\t\t\t\n\n\t<div class=\"img has-hover x md-x lg-x y md-y lg-y\" id=\"image_440290911\">\n\t\t<a class=\"\" href=\"https:\/\/alma-medical.eu\/sq\/etiket\u00eb-produkti\/disposable-gloves\/\"  >\t\t\t\t\t\t<div class=\"img-inner box-shadow-3 box-shadow-5-hover dark\" style=\"margin:0px 0 0px 0px;\">\n\t\t\t<img loading=\"lazy\" decoding=\"async\" width=\"484\" height=\"484\" src=\"https:\/\/alma-medical.eu\/wp-content\/uploads\/2023\/07\/Kategorii-za-web-ikoni-04.07.2023_3.png\" class=\"attachment-original size-original\" alt=\"\" srcset=\"https:\/\/alma-medical.eu\/wp-content\/uploads\/2023\/07\/Kategorii-za-web-ikoni-04.07.2023_3.png 484w, https:\/\/alma-medical.eu\/wp-content\/uploads\/2023\/07\/Kategorii-za-web-ikoni-04.07.2023_3-300x300.png 300w, https:\/\/alma-medical.eu\/wp-content\/uploads\/2023\/07\/Kategorii-za-web-ikoni-04.07.2023_3-150x150.png 150w, https:\/\/alma-medical.eu\/wp-content\/uploads\/2023\/07\/Kategorii-za-web-ikoni-04.07.2023_3-12x12.png 12w, https:\/\/alma-medical.eu\/wp-content\/uploads\/2023\/07\/Kategorii-za-web-ikoni-04.07.2023_3-100x100.png 100w\" sizes=\"auto, (max-width: 484px) 100vw, 484px\" \/>\t\t\t\t\t\t\n\t\t\t\t\t<\/div>\n\t\t\t\t\t\t<\/a>\t\t\n<style>\n#image_440290911 {\n  width: 100%;\n}\n<\/style>\n\t<\/div>\n\t\n\n\t<div id=\"text-1650919461\" class=\"text\">\n\t\t\n\n<p style=\"text-align: center;\"><a href=\"https:\/\/alma-medical.eu\/sq\/etiket\u00eb-produkti\/disposable-gloves\/\">Doreza p\u00ebr nj\u00eb p\u00ebrdorim<\/a><\/p>\n\t\t\n<style>\n#text-1650919461 {\n  text-align: center;\n}\n<\/style>\n\t<\/div>\n\t\n\n\t\t<\/div>\n\t\t\t\t\t<\/div>\n\n\t\n\n\t<div id=\"col-1987242153\" class=\"col medium-1 small-4 large-1\"  data-animate=\"bounceInDown\">\n\t\t\t\t<div class=\"col-inner\"  >\n\t\t\t\n\t\t\t\n\n\t<div class=\"img has-hover x md-x lg-x y md-y lg-y\" id=\"image_1522576468\">\n\t\t<a class=\"\" href=\"https:\/\/alma-medical.eu\/sq\/etiket\u00eb-produkti\/disposable-clothing\/\"  >\t\t\t\t\t\t<div class=\"img-inner box-shadow-3 box-shadow-5-hover dark\" >\n\t\t\t<img loading=\"lazy\" decoding=\"async\" width=\"484\" height=\"484\" src=\"https:\/\/alma-medical.eu\/wp-content\/uploads\/2023\/07\/Kategorii-za-web-ikoni-04.07.2023_4.png\" class=\"attachment-original size-original\" alt=\"\" srcset=\"https:\/\/alma-medical.eu\/wp-content\/uploads\/2023\/07\/Kategorii-za-web-ikoni-04.07.2023_4.png 484w, https:\/\/alma-medical.eu\/wp-content\/uploads\/2023\/07\/Kategorii-za-web-ikoni-04.07.2023_4-300x300.png 300w, https:\/\/alma-medical.eu\/wp-content\/uploads\/2023\/07\/Kategorii-za-web-ikoni-04.07.2023_4-150x150.png 150w, https:\/\/alma-medical.eu\/wp-content\/uploads\/2023\/07\/Kategorii-za-web-ikoni-04.07.2023_4-12x12.png 12w, https:\/\/alma-medical.eu\/wp-content\/uploads\/2023\/07\/Kategorii-za-web-ikoni-04.07.2023_4-100x100.png 100w\" sizes=\"auto, (max-width: 484px) 100vw, 484px\" \/>\t\t\t\t\t\t\n\t\t\t\t\t<\/div>\n\t\t\t\t\t\t<\/a>\t\t\n<style>\n#image_1522576468 {\n  width: 100%;\n}\n<\/style>\n\t<\/div>\n\t\n\n\t<div id=\"text-882863110\" class=\"text\">\n\t\t\n\n<p><a href=\"https:\/\/alma-medical.eu\/sq\/etiket\u00eb-produkti\/disposable-clothing\/\">Veshje p\u00ebr nj\u00eb p\u00ebrdorim<\/a><\/p>\n\t\t\n<style>\n#text-882863110 {\n  text-align: center;\n}\n<\/style>\n\t<\/div>\n\t\n\n\t\t<\/div>\n\t\t\t\t\t<\/div>\n\n\t\n\n\t<div id=\"col-887828499\" class=\"col medium-1 small-4 large-1\"  data-animate=\"bounceInDown\">\n\t\t\t\t<div class=\"col-inner\"  >\n\t\t\t\n\t\t\t\n\n\t<div class=\"img has-hover x md-x lg-x y md-y lg-y\" id=\"image_1591514840\">\n\t\t<a class=\"\" href=\"https:\/\/alma-medical.eu\/sq\/etiket\u00eb-produkti\/tape\/\"  >\t\t\t\t\t\t<div class=\"img-inner box-shadow-3 box-shadow-5-hover dark\" >\n\t\t\t<img loading=\"lazy\" decoding=\"async\" width=\"484\" height=\"484\" src=\"https:\/\/alma-medical.eu\/wp-content\/uploads\/2023\/07\/Kategorii-za-web-ikoni-04.07.2023_5.png\" class=\"attachment-original size-original\" alt=\"\" srcset=\"https:\/\/alma-medical.eu\/wp-content\/uploads\/2023\/07\/Kategorii-za-web-ikoni-04.07.2023_5.png 484w, https:\/\/alma-medical.eu\/wp-content\/uploads\/2023\/07\/Kategorii-za-web-ikoni-04.07.2023_5-300x300.png 300w, https:\/\/alma-medical.eu\/wp-content\/uploads\/2023\/07\/Kategorii-za-web-ikoni-04.07.2023_5-150x150.png 150w, https:\/\/alma-medical.eu\/wp-content\/uploads\/2023\/07\/Kategorii-za-web-ikoni-04.07.2023_5-12x12.png 12w, https:\/\/alma-medical.eu\/wp-content\/uploads\/2023\/07\/Kategorii-za-web-ikoni-04.07.2023_5-100x100.png 100w\" sizes=\"auto, (max-width: 484px) 100vw, 484px\" \/>\t\t\t\t\t\t\n\t\t\t\t\t<\/div>\n\t\t\t\t\t\t<\/a>\t\t\n<style>\n#image_1591514840 {\n  width: 100%;\n}\n<\/style>\n\t<\/div>\n\t\n\n\t<div id=\"text-315799944\" class=\"text\">\n\t\t\n\n<p><a href=\"https:\/\/alma-medical.eu\/sq\/etiket\u00eb-produkti\/tape\/\">Shirit<\/a><\/p>\n\t\t\n<style>\n#text-315799944 {\n  text-align: center;\n}\n<\/style>\n\t<\/div>\n\t\n\n\t\t<\/div>\n\t\t\t\t\t<\/div>\n\n\t\n\n<\/div>\n<div class=\"row row-large row-full-width align-equal align-center\"  id=\"row-788106347\">\n\n\n\t<div id=\"col-1933739708\" class=\"col medium-1 small-4 large-1\"  data-animate=\"bounceInDown\">\n\t\t\t\t<div class=\"col-inner\"  >\n\t\t\t\n\t\t\t\n\n\t<div class=\"img has-hover x md-x lg-x y md-y lg-y\" id=\"image_1887347321\">\n\t\t<a class=\"\" href=\"https:\/\/alma-medical.eu\/sq\/etiket\u00eb-produkti\/needles-syringes\/\"  >\t\t\t\t\t\t<div class=\"img-inner box-shadow-3 box-shadow-5-hover dark\" >\n\t\t\t<img loading=\"lazy\" decoding=\"async\" width=\"484\" height=\"484\" src=\"https:\/\/alma-medical.eu\/wp-content\/uploads\/2023\/07\/Kategorii-za-web-ikoni-04.07.2023_6.png\" class=\"attachment-original size-original\" alt=\"\" srcset=\"https:\/\/alma-medical.eu\/wp-content\/uploads\/2023\/07\/Kategorii-za-web-ikoni-04.07.2023_6.png 484w, https:\/\/alma-medical.eu\/wp-content\/uploads\/2023\/07\/Kategorii-za-web-ikoni-04.07.2023_6-300x300.png 300w, https:\/\/alma-medical.eu\/wp-content\/uploads\/2023\/07\/Kategorii-za-web-ikoni-04.07.2023_6-150x150.png 150w, https:\/\/alma-medical.eu\/wp-content\/uploads\/2023\/07\/Kategorii-za-web-ikoni-04.07.2023_6-12x12.png 12w, https:\/\/alma-medical.eu\/wp-content\/uploads\/2023\/07\/Kategorii-za-web-ikoni-04.07.2023_6-100x100.png 100w\" sizes=\"auto, (max-width: 484px) 100vw, 484px\" \/>\t\t\t\t\t\t\n\t\t\t\t\t<\/div>\n\t\t\t\t\t\t<\/a>\t\t\n<style>\n#image_1887347321 {\n  width: 100%;\n}\n<\/style>\n\t<\/div>\n\t\n\n\t<div id=\"text-3137694703\" class=\"text\">\n\t\t\n\n<p><a href=\"https:\/\/alma-medical.eu\/sq\/etiket\u00eb-produkti\/needles-syringes\/\">Gjilp\u00ebra &amp; Shiringa<\/a><\/p>\n\t\t\n<style>\n#text-3137694703 {\n  text-align: center;\n}\n<\/style>\n\t<\/div>\n\t\n\n\t\t<\/div>\n\t\t\t\t\t<\/div>\n\n\t\n\n\t<div id=\"col-1510044468\" class=\"col medium-1 small-4 large-1\"  data-animate=\"bounceInDown\">\n\t\t\t\t<div class=\"col-inner\"  >\n\t\t\t\n\t\t\t\n\n\t<div class=\"img has-hover x md-x lg-x y md-y lg-y\" id=\"image_1179382343\">\n\t\t<a class=\"\" href=\"https:\/\/alma-medical.eu\/sq\/etiket\u00eb-produkti\/catheter\/\"  >\t\t\t\t\t\t<div class=\"img-inner box-shadow-3 box-shadow-5-hover dark\" >\n\t\t\t<img loading=\"lazy\" decoding=\"async\" width=\"484\" height=\"484\" src=\"https:\/\/alma-medical.eu\/wp-content\/uploads\/2023\/07\/Kategorii-za-web-ikoni-04.07.2023_7.png\" class=\"attachment-original size-original\" alt=\"\" srcset=\"https:\/\/alma-medical.eu\/wp-content\/uploads\/2023\/07\/Kategorii-za-web-ikoni-04.07.2023_7.png 484w, https:\/\/alma-medical.eu\/wp-content\/uploads\/2023\/07\/Kategorii-za-web-ikoni-04.07.2023_7-300x300.png 300w, https:\/\/alma-medical.eu\/wp-content\/uploads\/2023\/07\/Kategorii-za-web-ikoni-04.07.2023_7-150x150.png 150w, https:\/\/alma-medical.eu\/wp-content\/uploads\/2023\/07\/Kategorii-za-web-ikoni-04.07.2023_7-12x12.png 12w, https:\/\/alma-medical.eu\/wp-content\/uploads\/2023\/07\/Kategorii-za-web-ikoni-04.07.2023_7-100x100.png 100w\" sizes=\"auto, (max-width: 484px) 100vw, 484px\" \/>\t\t\t\t\t\t\n\t\t\t\t\t<\/div>\n\t\t\t\t\t\t<\/a>\t\t\n<style>\n#image_1179382343 {\n  width: 100%;\n}\n<\/style>\n\t<\/div>\n\t\n\n\t<div id=\"text-3831715630\" class=\"text\">\n\t\t\n\n<p><a href=\"https:\/\/alma-medical.eu\/sq\/etiket\u00eb-produkti\/catheter\/\">Kateteri<\/a><\/p>\n\t\t\n<style>\n#text-3831715630 {\n  text-align: center;\n}\n<\/style>\n\t<\/div>\n\t\n\n\t\t<\/div>\n\t\t\t\t\t<\/div>\n\n\t\n\n\t<div id=\"col-1301096017\" class=\"col medium-1 small-4 large-1\"  data-animate=\"bounceInDown\">\n\t\t\t\t<div class=\"col-inner\"  >\n\t\t\t\n\t\t\t\n\n\t<div class=\"img has-hover x md-x lg-x y md-y lg-y\" id=\"image_1056890491\">\n\t\t<a class=\"\" href=\"https:\/\/alma-medical.eu\/sq\/etiket\u00eb-produkti\/personal-care\/\"  >\t\t\t\t\t\t<div class=\"img-inner box-shadow-3 box-shadow-5-hover dark\" >\n\t\t\t<img loading=\"lazy\" decoding=\"async\" width=\"484\" height=\"484\" src=\"https:\/\/alma-medical.eu\/wp-content\/uploads\/2023\/07\/Kategorii-za-web-ikoni-04.07.2023_8.png\" class=\"attachment-original size-original\" alt=\"\" srcset=\"https:\/\/alma-medical.eu\/wp-content\/uploads\/2023\/07\/Kategorii-za-web-ikoni-04.07.2023_8.png 484w, https:\/\/alma-medical.eu\/wp-content\/uploads\/2023\/07\/Kategorii-za-web-ikoni-04.07.2023_8-300x300.png 300w, https:\/\/alma-medical.eu\/wp-content\/uploads\/2023\/07\/Kategorii-za-web-ikoni-04.07.2023_8-150x150.png 150w, https:\/\/alma-medical.eu\/wp-content\/uploads\/2023\/07\/Kategorii-za-web-ikoni-04.07.2023_8-12x12.png 12w, https:\/\/alma-medical.eu\/wp-content\/uploads\/2023\/07\/Kategorii-za-web-ikoni-04.07.2023_8-100x100.png 100w\" sizes=\"auto, (max-width: 484px) 100vw, 484px\" \/>\t\t\t\t\t\t\n\t\t\t\t\t<\/div>\n\t\t\t\t\t\t<\/a>\t\t\n<style>\n#image_1056890491 {\n  width: 100%;\n}\n<\/style>\n\t<\/div>\n\t\n\n\t<div id=\"text-3483132285\" class=\"text\">\n\t\t\n\n<p><a href=\"https:\/\/alma-medical.eu\/sq\/etiket\u00eb-produkti\/personal-care\/\">Kujdes personal<\/a><\/p>\n\t\t\n<style>\n#text-3483132285 {\n  text-align: center;\n}\n<\/style>\n\t<\/div>\n\t\n\n\t\t<\/div>\n\t\t\t\t\t<\/div>\n\n\t\n\n\t<div id=\"col-1524993040\" class=\"col medium-1 small-4 large-1\"  data-animate=\"bounceInDown\">\n\t\t\t\t<div class=\"col-inner\"  >\n\t\t\t\n\t\t\t\n\n\t<div class=\"img has-hover x md-x lg-x y md-y lg-y\" id=\"image_1661878078\">\n\t\t<a class=\"\" href=\"https:\/\/alma-medical.eu\/sq\/etiket\u00eb-produkti\/diagnostics\/\"  >\t\t\t\t\t\t<div class=\"img-inner box-shadow-3 box-shadow-5-hover dark\" >\n\t\t\t<img loading=\"lazy\" decoding=\"async\" width=\"484\" height=\"484\" src=\"https:\/\/alma-medical.eu\/wp-content\/uploads\/2023\/07\/Kategorii-za-web-ikoni-04.07.2023_9.png\" class=\"attachment-original size-original\" alt=\"\" srcset=\"https:\/\/alma-medical.eu\/wp-content\/uploads\/2023\/07\/Kategorii-za-web-ikoni-04.07.2023_9.png 484w, https:\/\/alma-medical.eu\/wp-content\/uploads\/2023\/07\/Kategorii-za-web-ikoni-04.07.2023_9-300x300.png 300w, https:\/\/alma-medical.eu\/wp-content\/uploads\/2023\/07\/Kategorii-za-web-ikoni-04.07.2023_9-150x150.png 150w, https:\/\/alma-medical.eu\/wp-content\/uploads\/2023\/07\/Kategorii-za-web-ikoni-04.07.2023_9-12x12.png 12w, https:\/\/alma-medical.eu\/wp-content\/uploads\/2023\/07\/Kategorii-za-web-ikoni-04.07.2023_9-100x100.png 100w\" sizes=\"auto, (max-width: 484px) 100vw, 484px\" \/>\t\t\t\t\t\t\n\t\t\t\t\t<\/div>\n\t\t\t\t\t\t<\/a>\t\t\n<style>\n#image_1661878078 {\n  width: 100%;\n}\n<\/style>\n\t<\/div>\n\t\n\n\t<div id=\"text-1145316009\" class=\"text\">\n\t\t\n\n<p><a href=\"https:\/\/alma-medical.eu\/sq\/etiket\u00eb-produkti\/diagnostics\/\">Diagnostifikimi<\/a><\/p>\n\t\t\n<style>\n#text-1145316009 {\n  text-align: center;\n}\n<\/style>\n\t<\/div>\n\t\n\n\t\t<\/div>\n\t\t\t\t\t<\/div>\n\n\t\n\n\t<div id=\"col-51295114\" class=\"col medium-1 small-4 large-1\"  data-animate=\"bounceInDown\">\n\t\t\t\t<div class=\"col-inner\"  >\n\t\t\t\n\t\t\t\n\n\t<div class=\"img has-hover x md-x lg-x y md-y lg-y\" id=\"image_331104587\">\n\t\t<a class=\"\" href=\"https:\/\/alma-medical.eu\/sq\/etiket\u00eb-produkti\/other\/\"  >\t\t\t\t\t\t<div class=\"img-inner box-shadow-3 box-shadow-5-hover dark\" >\n\t\t\t<img loading=\"lazy\" decoding=\"async\" width=\"484\" height=\"484\" src=\"https:\/\/alma-medical.eu\/wp-content\/uploads\/2023\/07\/Kategorii-za-web-ikoni-04.07.2023_10.png\" class=\"attachment-original size-original\" alt=\"\" srcset=\"https:\/\/alma-medical.eu\/wp-content\/uploads\/2023\/07\/Kategorii-za-web-ikoni-04.07.2023_10.png 484w, https:\/\/alma-medical.eu\/wp-content\/uploads\/2023\/07\/Kategorii-za-web-ikoni-04.07.2023_10-300x300.png 300w, https:\/\/alma-medical.eu\/wp-content\/uploads\/2023\/07\/Kategorii-za-web-ikoni-04.07.2023_10-150x150.png 150w, https:\/\/alma-medical.eu\/wp-content\/uploads\/2023\/07\/Kategorii-za-web-ikoni-04.07.2023_10-12x12.png 12w, https:\/\/alma-medical.eu\/wp-content\/uploads\/2023\/07\/Kategorii-za-web-ikoni-04.07.2023_10-100x100.png 100w\" sizes=\"auto, (max-width: 484px) 100vw, 484px\" \/>\t\t\t\t\t\t\n\t\t\t\t\t<\/div>\n\t\t\t\t\t\t<\/a>\t\t\n<style>\n#image_331104587 {\n  width: 100%;\n}\n<\/style>\n\t<\/div>\n\t\n\n\t<div id=\"text-2975009382\" class=\"text\">\n\t\t\n\n<p><a href=\"https:\/\/alma-medical.eu\/sq\/etiket\u00eb-produkti\/other\/\">T\u00eb tjera<\/a><\/p>\n\t\t\n<style>\n#text-2975009382 {\n  text-align: center;\n}\n<\/style>\n\t<\/div>\n\t\n\n\t\t<\/div>\n\t\t\t\t\t<\/div>\n\n\t\n\n<\/div>\n<div class=\"row row-full-width align-center\"  id=\"row-962777553\">\n\n\n\t<div id=\"col-1160567007\" class=\"col medium-8 small-12 large-8\"  >\n\t\t\t\t<div class=\"col-inner\"  >\n\t\t\t\n\t\t\t\n\n<div class=\"is-divider divider clearfix\" style=\"max-width:100%;\"><\/div>\n\n\n\t\t<\/div>\n\t\t\t\t\t<\/div>\n\n\t\n\n<\/div>\n<div class=\"row row-small align-center\"  id=\"row-71694413\">\n\n\n\t<div id=\"col-2049329781\" class=\"col medium-4 small-12 large-4\"  data-animate=\"fadeInLeft\">\n\t\t\t\t<div class=\"col-inner\"  >\n\t\t\t\n\t\t\t\n\n<h1><a href=\"\/sq\/kategori-produkti\/dressing-material\/\">DRESSING MATERIAL<\/a><\/h1>\n\n\t\t<\/div>\n\t\t\t\t\t<\/div>\n\n\t\n\n\t<div id=\"col-2138687641\" class=\"col medium-4 small-6 large-4\"  data-animate=\"fadeInUp\">\n\t\t\t\t<div class=\"col-inner\"  >\n\t\t\t\n\t\t\t\n\n\t<div class=\"ux-menu stack stack-col justify-start ux-menu--divider-solid\">\n\t\t\n\n\t<div class=\"ux-menu-link flex menu-item\">\n\t\t<a class=\"ux-menu-link__link flex\" href=\"https:\/\/alma-medical.eu\/sq\/kategori-produkti\/binding-material\/bandage\/\"  >\n\t\t\t\t\t\t<span class=\"ux-menu-link__text\">\n\t\t\t\tBANDAGE\t\t\t<\/span>\n\t\t<\/a>\n\t<\/div>\n\t\n\n\t<div class=\"ux-menu-link flex menu-item\">\n\t\t<a class=\"ux-menu-link__link flex\" href=\"https:\/\/alma-medical.eu\/sq\/kategori-produkti\/binding-material\/absorbent-sterile-gauze\/\"  >\n\t\t\t\t\t\t<span class=\"ux-menu-link__text\">\n\t\t\t\tABSORBENT GAUZE\t\t\t<\/span>\n\t\t<\/a>\n\t<\/div>\n\t\n\n\t<div class=\"ux-menu-link flex menu-item\">\n\t\t<a class=\"ux-menu-link__link flex\" href=\"https:\/\/alma-medical.eu\/sq\/kategori-produkti\/binding-material\/cotton\/\"  >\n\t\t\t\t\t\t<span class=\"ux-menu-link__text\">\n\t\t\t\tCOTTON\t\t\t<\/span>\n\t\t<\/a>\n\t<\/div>\n\t\n\n\t<div class=\"ux-menu-link flex menu-item\">\n\t\t<a class=\"ux-menu-link__link flex\" href=\"https:\/\/alma-medical.eu\/sq\/kategori-produkti\/binding-material\/medical-textiles-for-single-use\/\"  >\n\t\t\t\t\t\t<span class=\"ux-menu-link__text\">\n\t\t\t\tMEDICAL TEXTILES FOR SINGLE USE\t\t\t<\/span>\n\t\t<\/a>\n\t<\/div>\n\t\n\n\n\t<\/div>\n\t\n\n\t\t<\/div>\n\t\t\t\t\t<\/div>\n\n\t\n\n\t<div id=\"col-1562505077\" class=\"col medium-4 small-6 large-4\"  data-animate=\"fadeInRight\">\n\t\t\t\t<div class=\"col-inner\"  >\n\t\t\t\n\t\t\t\n\n\t<div class=\"ux-menu stack stack-col justify-start ux-menu--divider-solid\">\n\t\t\n\n\t<div class=\"ux-menu-link flex menu-item\">\n\t\t<a class=\"ux-menu-link__link flex\" href=\"https:\/\/alma-medical.eu\/sq\/kategori-produkti\/binding-material\/protective-masks\/\"  >\n\t\t\t\t\t\t<span class=\"ux-menu-link__text\">\n\t\t\t\tPROTECTIVE MASKS\t\t\t<\/span>\n\t\t<\/a>\n\t<\/div>\n\t\n\n\t<div class=\"ux-menu-link flex menu-item\">\n\t\t<a class=\"ux-menu-link__link flex\" href=\"https:\/\/alma-medical.eu\/sq\/kategori-produkti\/binding-material\/hanzaplast\/\"  >\n\t\t\t\t\t\t<span class=\"ux-menu-link__text\">\n\t\t\t\tHANZAPLAST\t\t\t<\/span>\n\t\t<\/a>\n\t<\/div>\n\t\n\n\t<div class=\"ux-menu-link flex menu-item\">\n\t\t<a class=\"ux-menu-link__link flex\" href=\"https:\/\/alma-medical.eu\/sq\/kategori-produkti\/binding-material\/surgical-patches\/\"  >\n\t\t\t\t\t\t<span class=\"ux-menu-link__text\">\n\t\t\t\tSURGICAL PLASTER\t\t\t<\/span>\n\t\t<\/a>\n\t<\/div>\n\t\n\n\t<div class=\"ux-menu-link flex menu-item\">\n\t\t<a class=\"ux-menu-link__link flex\" href=\"https:\/\/alma-medical.eu\/sq\/kategori-produkti\/binding-material\/wound-care-patches-and-eye-pads\/\"  >\n\t\t\t\t\t\t<span class=\"ux-menu-link__text\">\n\t\t\t\tWOUND CARE PATCHES AND EYE PADS\t\t\t<\/span>\n\t\t<\/a>\n\t<\/div>\n\t\n\n\n\t<\/div>\n\t\n\n\t\t<\/div>\n\t\t\t\t\t<\/div>\n\n\t\n\n\t<div id=\"col-647148313\" class=\"col small-12 large-12\"  >\n\t\t\t\t<div class=\"col-inner\"  >\n\t\t\t\n\t\t\t\n\n<div class=\"is-divider divider clearfix\" style=\"max-width:100%;\"><\/div>\n\n\n\t\t<\/div>\n\t\t\t\t\t<\/div>\n\n\t\n\n\t<div id=\"col-1813015346\" class=\"col medium-4 small-12 large-4\"  data-animate=\"fadeInLeft\">\n\t\t\t\t<div class=\"col-inner\"  >\n\t\t\t\n\t\t\t\n\n<h1><a href=\"\/sq\/categories\/\">OTHERS<\/a><\/h1>\n\n\t\t<\/div>\n\t\t\t\t\t<\/div>\n\n\t\n\n\t<div id=\"col-1180613276\" class=\"col medium-4 small-6 large-4\"  data-animate=\"fadeInUp\">\n\t\t\t\t<div class=\"col-inner\"  >\n\t\t\t\n\t\t\t\n\n\t<div class=\"ux-menu stack stack-col justify-start ux-menu--divider-solid\">\n\t\t\n\n\t<div class=\"ux-menu-link flex menu-item\">\n\t\t<a class=\"ux-menu-link__link flex\" href=\"https:\/\/alma-medical.eu\/sq\/kategori-produkti\/sampling-material\/\"  >\n\t\t\t\t\t\t<span class=\"ux-menu-link__text\">\n\t\t\t\tMATERIAL FOR SAMPLING\t\t\t<\/span>\n\t\t<\/a>\n\t<\/div>\n\t\n\n\t<div class=\"ux-menu-link flex menu-item\">\n\t\t<a class=\"ux-menu-link__link flex\" href=\"https:\/\/alma-medical.eu\/sq\/kategori-produkti\/non-sterile-gloves-2\/\"  >\n\t\t\t\t\t\t<span class=\"ux-menu-link__text\">\n\t\t\t\tNON-STERILE GLOVES\t\t\t<\/span>\n\t\t<\/a>\n\t<\/div>\n\t\n\n\t<div class=\"ux-menu-link flex menu-item\">\n\t\t<a class=\"ux-menu-link__link flex\" href=\"https:\/\/alma-medical.eu\/sq\/kategori-produkti\/personal-care-products\/\"  >\n\t\t\t\t\t\t<span class=\"ux-menu-link__text\">\n\t\t\t\tPERSONAL CARE PRODUCTS\t\t\t<\/span>\n\t\t<\/a>\n\t<\/div>\n\t\n\n\t<div class=\"ux-menu-link flex menu-item\">\n\t\t<a class=\"ux-menu-link__link flex\" href=\"https:\/\/alma-medical.eu\/sq\/kategori-produkti\/sterile-sets\/\"  >\n\t\t\t\t\t\t<span class=\"ux-menu-link__text\">\n\t\t\t\tSTERILE SETS\t\t\t<\/span>\n\t\t<\/a>\n\t<\/div>\n\t\n\n\n\t<\/div>\n\t\n\n\t\t<\/div>\n\t\t\t\t\t<\/div>\n\n\t\n\n\t<div id=\"col-1411135552\" class=\"col medium-4 small-6 large-4\"  data-animate=\"fadeInRight\">\n\t\t\t\t<div class=\"col-inner\"  >\n\t\t\t\n\t\t\t\n\n\t<div class=\"ux-menu stack stack-col justify-start ux-menu--divider-solid\">\n\t\t\n\n\t<div class=\"ux-menu-link flex menu-item\">\n\t\t<a class=\"ux-menu-link__link flex\" href=\"https:\/\/alma-medical.eu\/sq\/kategori-produkti\/devices-for-diagnostic\/\"  >\n\t\t\t\t\t\t<span class=\"ux-menu-link__text\">\n\t\t\t\tDEVICES FOR DIAGNOSTIC\t\t\t<\/span>\n\t\t<\/a>\n\t<\/div>\n\t\n\n\t<div class=\"ux-menu-link flex menu-item\">\n\t\t<a class=\"ux-menu-link__link flex\" href=\"https:\/\/alma-medical.eu\/sq\/kategori-produkti\/furniture-for-hospitals\/\"  >\n\t\t\t\t\t\t<span class=\"ux-menu-link__text\">\n\t\t\t\tFURNITURE FOR HOSPITALS\t\t\t<\/span>\n\t\t<\/a>\n\t<\/div>\n\t\n\n\t<div class=\"ux-menu-link flex menu-item\">\n\t\t<a class=\"ux-menu-link__link flex\" href=\"https:\/\/alma-medical.eu\/sq\/kategori-produkti\/pain-products\/\"  >\n\t\t\t\t\t\t<span class=\"ux-menu-link__text\">\n\t\t\t\tPRODUCTS FOR PAIN\t\t\t<\/span>\n\t\t<\/a>\n\t<\/div>\n\t\n\n\t<div class=\"ux-menu-link flex menu-item\">\n\t\t<a class=\"ux-menu-link__link flex\" href=\"https:\/\/alma-medical.eu\/sq\/kategori-produkti\/medical-waste-containers-and-other-plastic-containers\/\"  >\n\t\t\t\t\t\t<span class=\"ux-menu-link__text\">\n\t\t\t\tMEDICAL WASTE CONTAINERS AND OTHER PLASTIC CONTAINERS\t\t\t<\/span>\n\t\t<\/a>\n\t<\/div>\n\t\n\n\t<div class=\"ux-menu-link flex menu-item\">\n\t\t<a class=\"ux-menu-link__link flex\" href=\"https:\/\/alma-medical.eu\/sq\/kategori-produkti\/other\/\"  >\n\t\t\t\t\t\t<span class=\"ux-menu-link__text\">\n\t\t\t\tOTHER\t\t\t<\/span>\n\t\t<\/a>\n\t<\/div>\n\t\n\n\n\t<\/div>\n\t\n\n\t\t<\/div>\n\t\t\t\t\t<\/div>\n\n\t\n\n\n<style>\n#row-71694413 > .col > .col-inner {\n  padding: 25px 0px 0px 0px;\n}\n<\/style>\n<\/div>\n\n\t\t<\/div>\n\n\t\t\n<style>\n#section_1250641825 {\n  padding-top: 30px;\n  padding-bottom: 30px;\n}\n#section_1250641825 .section-bg.bg-loaded {\n  background-image: url(https:\/\/alma-medical.eu\/wp-content\/uploads\/2024\/06\/about-bg-free-img-2.jpg);\n}\n<\/style>\n\t<\/section>","protected":false},"excerpt":{"rendered":"","protected":false},"author":1,"featured_media":0,"parent":0,"menu_order":0,"comment_status":"closed","ping_status":"closed","template":"page-blank.php","meta":{"footnotes":""},"class_list":["post-519","page","type-page","status-publish","hentry"],"_links":{"self":[{"href":"https:\/\/alma-medical.eu\/sq\/wp-json\/wp\/v2\/pages\/519","targetHints":{"allow":["GET"]}}],"collection":[{"href":"https:\/\/alma-medical.eu\/sq\/wp-json\/wp\/v2\/pages"}],"about":[{"href":"https:\/\/alma-medical.eu\/sq\/wp-json\/wp\/v2\/types\/page"}],"author":[{"embeddable":true,"href":"https:\/\/alma-medical.eu\/sq\/wp-json\/wp\/v2\/users\/1"}],"replies":[{"embeddable":true,"href":"https:\/\/alma-medical.eu\/sq\/wp-json\/wp\/v2\/comments?post=519"}],"version-history":[{"count":19,"href":"https:\/\/alma-medical.eu\/sq\/wp-json\/wp\/v2\/pages\/519\/revisions"}],"predecessor-version":[{"id":919,"href":"https:\/\/alma-medical.eu\/sq\/wp-json\/wp\/v2\/pages\/519\/revisions\/919"}],"wp:attachment":[{"href":"https:\/\/alma-medical.eu\/sq\/wp-json\/wp\/v2\/media?parent=519"}],"curies":[{"name":"wp","href":"https:\/\/api.w.org\/{rel}","templated":true}]}}