{"id":9,"date":"2022-09-09T06:31:09","date_gmt":"2022-09-09T06:31:09","guid":{"rendered":"http:\/\/alma-medical.eu\/?page_id=9"},"modified":"2026-04-09T10:18:47","modified_gmt":"2026-04-09T10:18:47","slug":"home","status":"publish","type":"page","link":"https:\/\/alma-medical.eu\/de\/","title":{"rendered":"Home"},"content":{"rendered":"<div class=\"banner has-hover\" id=\"banner-342798582\">\n          <div class=\"banner-inner fill\">\n        <div class=\"banner-bg fill\" >\n            <div class=\"bg fill bg-fill\"><\/div>\n                                    \n                    <\/div>\n        <div class=\"banner-layers container\">\n            <div class=\"fill banner-link\"><\/div>            \n\n\n        <\/div>\n      <\/div>\n\n            \n<style>\n#banner-342798582 {\n  padding-top: 400px;\n}\n#banner-342798582 .bg.bg-loaded {\n  background-image: url(https:\/\/alma-medical.eu\/wp-content\/uploads\/2026\/04\/slider-1.png);\n}\n#banner-342798582 .bg {\n  background-position: 76% 0%;\n}\n@media (min-width:550px) {\n  #banner-342798582 {\n    padding-top: 500px;\n  }\n}\n<\/style>\n  <\/div>\n\n\n\t<div id=\"gap-521567317\" class=\"gap-element clearfix\" style=\"display:block; height:auto;\">\n\t\t\n<style>\n#gap-521567317 {\n  padding-top: 50px;\n}\n<\/style>\n\t<\/div>\n\t\n\n<div class=\"row\"  id=\"row-453169861\">\n\n\n\t<div id=\"col-468213340\" class=\"col small-12 large-12\"  data-animate=\"fadeInUp\">\n\t\t\t\t<div class=\"col-inner\"  >\n\t\t\t\n\t\t\t\n\n<h1>\u00dcber uns<\/h1>\n<hr>\n\n\t\t<\/div>\n\t\t\t\t\t<\/div>\n\n\t\n\n\t<div id=\"col-1547900413\" class=\"col medium-6 small-12 large-6\"  data-animate=\"fadeInLeft\">\n\t\t\t\t<div class=\"col-inner\"  >\n\t\t\t\n\t\t\t\n\n<p>Alma Medical ist ein Unternehmen, das sich mit dem Verkauf von medizinischen Verbrauchsmaterialien besch\u00e4ftigt und seit vielen Jahren auf dem mazedonischen Markt pr\u00e4sent ist. Mit seiner langj\u00e4hrigen Erfahrung und einem professionellen Ansatz hat das Unternehmen Vertrauen aufgebaut und stabile Partnerschaften mit zahlreichen Gesundheitseinrichtungen, Kliniken, Apotheken und anderen Organisationen im Gesundheitssektor etabliert.<\/p>\n<p>Unser Portfolio umfasst eine breite Auswahl an medizinischen Verbrauchsmaterialien, die hohen Qualit\u00e4ts- und Sicherheitsstandards entsprechen. Unser Ziel ist es, zuverl\u00e4ssige und zug\u00e4ngliche Produkte bereitzustellen, die zum effizienten und sicheren Betrieb von Gesundheitseinrichtungen beitragen.<\/p>\n<p>Neben dem Gesundheitssektor bietet Alma Medical auch Arbeitskleidung und Arbeitsschutzausr\u00fcstung f\u00fcr gro\u00dfe Produktionsunternehmen und industrielle Anlagen an. Durch sorgf\u00e4ltig ausgew\u00e4hlte Produkte und Lieferanten gew\u00e4hrleisten wir zuverl\u00e4ssigen Schutz und Qualit\u00e4t, die den Anforderungen moderner Arbeitsumgebungen entsprechen.<\/p>\n<p>Unser Fokus liegt auf Qualit\u00e4t, Vertrauen und langfristiger Zusammenarbeit mit unseren Kunden sowie auf der kontinuierlichen Verbesserung unseres Produkt- und Serviceangebots, um den sich wandelnden Marktanforderungen gerecht zu werden.<\/p>\n\n\t\t<\/div>\n\t\t\t\t\t<\/div>\n\n\t\n\n\t<div id=\"col-1451481037\" class=\"col medium-6 small-12 large-6\"  >\n\t\t\t\t<div class=\"col-inner\"  >\n\t\t\t\n\t\t\t\n\n\t<div class=\"img has-hover x md-x lg-x y md-y lg-y\" id=\"image_1813706173\">\n\t\t\t\t\t\t<div data-animate=\"fadeInRight\">\t\t<div class=\"img-inner dark\" >\n\t\t\t<img loading=\"lazy\" decoding=\"async\" width=\"1020\" height=\"1020\" src=\"https:\/\/alma-medical.eu\/wp-content\/uploads\/2026\/04\/about-us-new-1024x1024.jpg\" class=\"attachment-large size-large\" alt=\"\" srcset=\"https:\/\/alma-medical.eu\/wp-content\/uploads\/2026\/04\/about-us-new-1024x1024.jpg 1024w, https:\/\/alma-medical.eu\/wp-content\/uploads\/2026\/04\/about-us-new-300x300.jpg 300w, https:\/\/alma-medical.eu\/wp-content\/uploads\/2026\/04\/about-us-new-150x150.jpg 150w, https:\/\/alma-medical.eu\/wp-content\/uploads\/2026\/04\/about-us-new-768x768.jpg 768w, https:\/\/alma-medical.eu\/wp-content\/uploads\/2026\/04\/about-us-new-12x12.jpg 12w, https:\/\/alma-medical.eu\/wp-content\/uploads\/2026\/04\/about-us-new-600x600.jpg 600w, https:\/\/alma-medical.eu\/wp-content\/uploads\/2026\/04\/about-us-new-100x100.jpg 100w, https:\/\/alma-medical.eu\/wp-content\/uploads\/2026\/04\/about-us-new.jpg 1200w\" sizes=\"auto, (max-width: 1020px) 100vw, 1020px\" \/>\t\t\t\t\t\t\n\t\t\t\t\t<\/div>\n\t\t<\/div>\t\t\t\t\t\t\n<style>\n#image_1813706173 {\n  width: 100%;\n}\n<\/style>\n\t<\/div>\n\t\n\n\n\t\t<\/div>\n\t\t\t\t\t<\/div>\n\n\t\n\n<\/div>\n<div class=\"row\"  id=\"row-220201336\">\n\n\n\t<div id=\"col-1450510400\" class=\"col small-12 large-12\"  data-animate=\"fadeInUp\">\n\t\t\t\t<div class=\"col-inner\"  >\n\t\t\t\n\t\t\t\n\n<h1>PRODUKTE<\/h1>\n<hr>\n\n\t\t<\/div>\n\t\t\t\t\t<\/div>\n\n\t\n\n\t<div id=\"col-180642146\" class=\"col medium-4 small-12 large-4\"  >\n\t\t\t\t<div class=\"col-inner text-center\"  >\n\t\t\t\n\t\t\t\n\n\t<div class=\"img has-hover x md-x lg-x y md-y lg-y\" id=\"image_248111041\">\n\t\t\t\t\t\t<div data-animate=\"fadeInLeft\">\t\t<div class=\"img-inner dark\" >\n\t\t\t<img loading=\"lazy\" decoding=\"async\" width=\"1536\" height=\"1024\" src=\"https:\/\/alma-medical.eu\/wp-content\/uploads\/2026\/04\/flasteri.png\" class=\"attachment-original size-original\" alt=\"\" srcset=\"https:\/\/alma-medical.eu\/wp-content\/uploads\/2026\/04\/flasteri.png 1536w, https:\/\/alma-medical.eu\/wp-content\/uploads\/2026\/04\/flasteri-300x200.png 300w, https:\/\/alma-medical.eu\/wp-content\/uploads\/2026\/04\/flasteri-1024x683.png 1024w, https:\/\/alma-medical.eu\/wp-content\/uploads\/2026\/04\/flasteri-768x512.png 768w, https:\/\/alma-medical.eu\/wp-content\/uploads\/2026\/04\/flasteri-18x12.png 18w, https:\/\/alma-medical.eu\/wp-content\/uploads\/2026\/04\/flasteri-600x400.png 600w\" sizes=\"auto, (max-width: 1536px) 100vw, 1536px\" \/>\t\t\t\t\t\t\n\t\t\t\t\t<\/div>\n\t\t<\/div>\t\t\t\t\t\t\n<style>\n#image_248111041 {\n  width: 100%;\n}\n<\/style>\n\t<\/div>\n\t\n\n<a href=\"\/de\/produkt-kategorie\/dressing-material\/hanzaplast\/\" target=\"_self\" class=\"button primary is-outline\"  style=\"border-radius:10px;\">\n    <span>Produkte ansehen<\/span>\n  <\/a>\n\n\n\n\t\t<\/div>\n\t\t\t\t\t<\/div>\n\n\t\n\n\t<div id=\"col-1305262172\" class=\"col medium-4 small-12 large-4\"  >\n\t\t\t\t<div class=\"col-inner text-center\"  >\n\t\t\t\n\t\t\t\n\n\t<div class=\"img has-hover x md-x lg-x y md-y lg-y\" id=\"image_1472631400\">\n\t\t\t\t\t\t<div data-animate=\"fadeInUp\">\t\t<div class=\"img-inner dark\" >\n\t\t\t<img loading=\"lazy\" decoding=\"async\" width=\"1536\" height=\"1024\" src=\"https:\/\/alma-medical.eu\/wp-content\/uploads\/2026\/04\/rakavici.png\" class=\"attachment-original size-original\" alt=\"\" srcset=\"https:\/\/alma-medical.eu\/wp-content\/uploads\/2026\/04\/rakavici.png 1536w, https:\/\/alma-medical.eu\/wp-content\/uploads\/2026\/04\/rakavici-300x200.png 300w, https:\/\/alma-medical.eu\/wp-content\/uploads\/2026\/04\/rakavici-1024x683.png 1024w, https:\/\/alma-medical.eu\/wp-content\/uploads\/2026\/04\/rakavici-768x512.png 768w, https:\/\/alma-medical.eu\/wp-content\/uploads\/2026\/04\/rakavici-18x12.png 18w, https:\/\/alma-medical.eu\/wp-content\/uploads\/2026\/04\/rakavici-600x400.png 600w\" sizes=\"auto, (max-width: 1536px) 100vw, 1536px\" \/>\t\t\t\t\t\t\n\t\t\t\t\t<\/div>\n\t\t<\/div>\t\t\t\t\t\t\n<style>\n#image_1472631400 {\n  width: 100%;\n}\n<\/style>\n\t<\/div>\n\t\n\n<a href=\"\/de\/produkt-kategorie\/non-sterile-gloves-2\/\" target=\"_self\" class=\"button primary is-outline\"  style=\"border-radius:10px;\">\n    <span>Produkte ansehen<\/span>\n  <\/a>\n\n\n\n\t\t<\/div>\n\t\t\t\t\t<\/div>\n\n\t\n\n\t<div id=\"col-1079616190\" class=\"col medium-4 small-12 large-4\"  >\n\t\t\t\t<div class=\"col-inner text-center\"  >\n\t\t\t\n\t\t\t\n\n\t<div class=\"img has-hover x md-x lg-x y md-y lg-y\" id=\"image_905251826\">\n\t\t\t\t\t\t<div data-animate=\"fadeInRight\">\t\t<div class=\"img-inner dark\" >\n\t\t\t<img loading=\"lazy\" decoding=\"async\" width=\"1536\" height=\"1024\" src=\"https:\/\/alma-medical.eu\/wp-content\/uploads\/2026\/04\/pamuk.png\" class=\"attachment-original size-original\" alt=\"\" srcset=\"https:\/\/alma-medical.eu\/wp-content\/uploads\/2026\/04\/pamuk.png 1536w, https:\/\/alma-medical.eu\/wp-content\/uploads\/2026\/04\/pamuk-300x200.png 300w, https:\/\/alma-medical.eu\/wp-content\/uploads\/2026\/04\/pamuk-1024x683.png 1024w, https:\/\/alma-medical.eu\/wp-content\/uploads\/2026\/04\/pamuk-768x512.png 768w, https:\/\/alma-medical.eu\/wp-content\/uploads\/2026\/04\/pamuk-18x12.png 18w, https:\/\/alma-medical.eu\/wp-content\/uploads\/2026\/04\/pamuk-600x400.png 600w\" sizes=\"auto, (max-width: 1536px) 100vw, 1536px\" \/>\t\t\t\t\t\t\n\t\t\t\t\t<\/div>\n\t\t<\/div>\t\t\t\t\t\t\n<style>\n#image_905251826 {\n  width: 100%;\n}\n<\/style>\n\t<\/div>\n\t\n\n<a href=\"\/de\/produkt-kategorie\/binding-material\/cotton\/\" target=\"_self\" class=\"button primary is-outline\"  style=\"border-radius:10px;\">\n    <span>Produkte ansehen<\/span>\n  <\/a>\n\n\n\n\t\t<\/div>\n\t\t\t\t\t<\/div>\n\n\t\n\n\t<div id=\"col-1043455637\" class=\"col small-12 large-12\"  >\n\t\t\t\t<div class=\"col-inner text-center\"  >\n\t\t\t\n\t\t\t\n\n\t<div id=\"text-2130295290\" class=\"text\">\n\t\t\n\n<p>Entdecken Sie unsere vollst\u00e4ndige Auswahl an hochwertigen medizinischen Produkten. Von grundlegenden bis hin zu spezialisierten Artikeln \u2013 finden Sie alles, was Sie ben\u00f6tigen, an einem Ort.<\/p>\n\t\t\n<style>\n#text-2130295290 {\n  text-align: center;\n}\n<\/style>\n\t<\/div>\n\t\n<a href=\"\/de\/categories\/\" target=\"_self\" class=\"button primary is-outline\"  style=\"border-radius:10px;\">\n    <span>Alle Produkte ansehen<\/span>\n  <\/a>\n\n\n\n\t\t<\/div>\n\t\t\t\t\t<\/div>\n\n\t\n\n<\/div>","protected":false},"excerpt":{"rendered":"","protected":false},"author":1,"featured_media":0,"parent":0,"menu_order":0,"comment_status":"closed","ping_status":"closed","template":"page-blank.php","meta":{"footnotes":""},"class_list":["post-9","page","type-page","status-publish","hentry"],"_links":{"self":[{"href":"https:\/\/alma-medical.eu\/de\/wp-json\/wp\/v2\/pages\/9","targetHints":{"allow":["GET"]}}],"collection":[{"href":"https:\/\/alma-medical.eu\/de\/wp-json\/wp\/v2\/pages"}],"about":[{"href":"https:\/\/alma-medical.eu\/de\/wp-json\/wp\/v2\/types\/page"}],"author":[{"embeddable":true,"href":"https:\/\/alma-medical.eu\/de\/wp-json\/wp\/v2\/users\/1"}],"replies":[{"embeddable":true,"href":"https:\/\/alma-medical.eu\/de\/wp-json\/wp\/v2\/comments?post=9"}],"version-history":[{"count":37,"href":"https:\/\/alma-medical.eu\/de\/wp-json\/wp\/v2\/pages\/9\/revisions"}],"predecessor-version":[{"id":925,"href":"https:\/\/alma-medical.eu\/de\/wp-json\/wp\/v2\/pages\/9\/revisions\/925"}],"wp:attachment":[{"href":"https:\/\/alma-medical.eu\/de\/wp-json\/wp\/v2\/media?parent=9"}],"curies":[{"name":"wp","href":"https:\/\/api.w.org\/{rel}","templated":true}]}}